{"id":176,"date":"2017-11-11T10:59:30","date_gmt":"2017-11-11T09:59:30","guid":{"rendered":"http:\/\/z1s.de\/wp\/?page_id=176"},"modified":"2017-11-11T14:36:27","modified_gmt":"2017-11-11T13:36:27","slug":"startseite-2","status":"publish","type":"page","link":"https:\/\/z1s.de\/wp\/","title":{"rendered":"Startseite"},"content":{"rendered":"<h2 style=\"text-align: center;\">Zimmermann Industrie Service Elektrotechnik<\/h2>\n<p style=\"text-align: center;\"><img loading=\"lazy\" decoding=\"async\" class=\"alignnone  wp-image-230\" src=\"http:\/\/z1s.de\/wp\/wp-content\/uploads\/2017\/11\/Logo01.jpg\" alt=\"\" width=\"232\" height=\"109\" data-id=\"230\" \/><\/p>\n<h6 style=\"text-align: center;\"><strong>Wir freuen uns, Sie auf unseren Internetseiten begr\u00fc\u00dfen zu k\u00f6nnen.<\/strong><\/h6>\n<h6 style=\"text-align: center;\"><strong>Seit 1990 arbeite ich f\u00fcr diverse Privat-und Industriekunden in und um Hameln.<\/strong><\/h6>\n<h6 style=\"text-align: center;\"><strong>Seit 2008 betreue ich diese Kundschaft mit meiner eigenen Firma.<\/strong><\/h6>\n<h6 style=\"text-align: center;\"><strong>Wir sind f\u00fcr unsere Kundschaft , 24 Stunden , 7Tage die Woche in Bereitschaft!<\/strong><\/h6>\n<p>&nbsp;<\/p>\n","protected":false},"excerpt":{"rendered":"<p>Zimmermann Industrie Service Elektrotechnik Wir freuen uns, Sie auf unseren Internetseiten begr\u00fc\u00dfen zu k\u00f6nnen. Seit 1990 arbeite ich f\u00fcr diverse<\/p>\n","protected":false},"author":2,"featured_media":0,"parent":0,"menu_order":0,"comment_status":"closed","ping_status":"closed","template":"","meta":{"colormag_page_layout":"default_layout","footnotes":""},"class_list":["post-176","page","type-page","status-publish","hentry"],"_links":{"self":[{"href":"https:\/\/z1s.de\/wp\/wp-json\/wp\/v2\/pages\/176","targetHints":{"allow":["GET"]}}],"collection":[{"href":"https:\/\/z1s.de\/wp\/wp-json\/wp\/v2\/pages"}],"about":[{"href":"https:\/\/z1s.de\/wp\/wp-json\/wp\/v2\/types\/page"}],"author":[{"embeddable":true,"href":"https:\/\/z1s.de\/wp\/wp-json\/wp\/v2\/users\/2"}],"replies":[{"embeddable":true,"href":"https:\/\/z1s.de\/wp\/wp-json\/wp\/v2\/comments?post=176"}],"version-history":[{"count":7,"href":"https:\/\/z1s.de\/wp\/wp-json\/wp\/v2\/pages\/176\/revisions"}],"predecessor-version":[{"id":231,"href":"https:\/\/z1s.de\/wp\/wp-json\/wp\/v2\/pages\/176\/revisions\/231"}],"wp:attachment":[{"href":"https:\/\/z1s.de\/wp\/wp-json\/wp\/v2\/media?parent=176"}],"curies":[{"name":"wp","href":"https:\/\/api.w.org\/{rel}","templated":true}]}}